{"id":371,"date":"2024-05-23T19:31:04","date_gmt":"2024-05-23T17:31:04","guid":{"rendered":"https:\/\/www.superyachtchartermallorca.com\/?page_id=371"},"modified":"2026-01-15T13:08:02","modified_gmt":"2026-01-15T11:08:02","slug":"yacht-charter","status":"publish","type":"page","link":"https:\/\/www.superyachtchartermallorca.com\/es\/yacht-charter\/","title":{"rendered":"Barcos"},"content":{"rendered":"\t\t<div data-elementor-type=\"wp-page\" data-elementor-id=\"371\" class=\"elementor elementor-371 elementor-117\" data-elementor-post-type=\"page\">\n\t\t\t\t<div class=\"elementor-element elementor-element-8bc58a1 e-con-full e-flex e-con e-parent\" data-id=\"8bc58a1\" data-element_type=\"container\" data-settings=\"{&quot;background_background&quot;:&quot;classic&quot;}\">\n\t\t\t\t<div class=\"elementor-element elementor-element-18f30f0 elementor-widget elementor-widget-image\" data-id=\"18f30f0\" data-element_type=\"widget\" data-widget_type=\"image.default\">\n\t\t\t\t<div class=\"elementor-widget-container\">\n\t\t\t\t\t\t\t\t\t\t\t\t\t\t\t<img fetchpriority=\"high\" decoding=\"async\" width=\"2013\" height=\"1422\" src=\"https:\/\/www.superyachtchartermallorca.com\/wp-content\/uploads\/sites\/2\/2025\/01\/1690273609-image-16.jpg\" class=\"attachment-full size-full wp-image-2059\" alt=\"\" srcset=\"https:\/\/www.superyachtchartermallorca.com\/wp-content\/uploads\/sites\/2\/2025\/01\/1690273609-image-16.jpg 2013w, https:\/\/www.superyachtchartermallorca.com\/wp-content\/uploads\/sites\/2\/2025\/01\/1690273609-image-16-992x701.jpg 992w, https:\/\/www.superyachtchartermallorca.com\/wp-content\/uploads\/sites\/2\/2025\/01\/1690273609-image-16-1550x1095.jpg 1550w, https:\/\/www.superyachtchartermallorca.com\/wp-content\/uploads\/sites\/2\/2025\/01\/1690273609-image-16-576x407.jpg 576w, https:\/\/www.superyachtchartermallorca.com\/wp-content\/uploads\/sites\/2\/2025\/01\/1690273609-image-16-768x543.jpg 768w, https:\/\/www.superyachtchartermallorca.com\/wp-content\/uploads\/sites\/2\/2025\/01\/1690273609-image-16-1536x1085.jpg 1536w, https:\/\/www.superyachtchartermallorca.com\/wp-content\/uploads\/sites\/2\/2025\/01\/1690273609-image-16-1900x1342.jpg 1900w\" sizes=\"(max-width: 2013px) 100vw, 2013px\" \/>\t\t\t\t\t\t\t\t\t\t\t\t\t\t\t<\/div>\n\t\t\t\t<\/div>\n\t\t<div class=\"elementor-element elementor-element-759305c e-flex e-con-boxed e-con e-child\" data-id=\"759305c\" data-element_type=\"container\" data-settings=\"{&quot;position&quot;:&quot;absolute&quot;}\">\n\t\t\t\t\t<div class=\"e-con-inner\">\n\t\t\t\t<div class=\"elementor-element elementor-element-d555037 elementor-widget__width-initial elementor-widget elementor-widget-heading\" data-id=\"d555037\" data-element_type=\"widget\" data-widget_type=\"heading.default\">\n\t\t\t\t<div class=\"elementor-widget-container\">\n\t\t\t\t\t<h1 class=\"elementor-heading-title elementor-size-default\">Alquiler de yates de lujo en Mallorca<\/h1>\t\t\t\t<\/div>\n\t\t\t\t<\/div>\n\t\t\t\t\t<\/div>\n\t\t\t\t<\/div>\n\t\t\t\t<\/div>\n\t\t<div class=\"elementor-element elementor-element-893fc51 e-flex e-con-boxed e-con e-parent\" data-id=\"893fc51\" data-element_type=\"container\">\n\t\t\t\t\t<div class=\"e-con-inner\">\n\t\t\t\t<div class=\"elementor-element elementor-element-2db30cf elementor-widget elementor-widget-shortcode\" data-id=\"2db30cf\" data-element_type=\"widget\" data-widget_type=\"shortcode.default\">\n\t\t\t\t<div class=\"elementor-widget-container\">\n\t\t\t\t\t\t\t<div class=\"elementor-shortcode\">    <div><\/div>\n  <\/div>\n\t\t\t\t\t\t<\/div>\n\t\t\t\t<\/div>\n\t\t\t\t<div class=\"elementor-element elementor-element-01290e3 elementor-widget elementor-widget-shortcode\" data-id=\"01290e3\" data-element_type=\"widget\" data-widget_type=\"shortcode.default\">\n\t\t\t\t<div class=\"elementor-widget-container\">\n\t\t\t\t\t\t\t<div class=\"elementor-shortcode\">    <div class=\"floating-cta floating-cta-form\">\n      <button id=\"button_form_floating\" class=\"btn-go btn-red-envelope openEnquireModal\" type=\"button\"><span class=\"icon-mail-square\"><\/span> <span>Encuentra el yate perfecto para tu experiencia.<\/span><\/button>\n    <\/div>\n  \n    <div id=\"enquireModal\" class=\"modal\">\n      <div class=\"modal-content\">\n        <span class=\"close\">&times;<\/span>\n        <div id=\"enquireModalContent\">\n          <div class=\"modal-header\">\n            <h3>Encuentra el yate perfecto para tu experiencia.<\/h3>\n            <p>En breve uno de nuestros agentes se pondr\u00e1 en contacto contigo.<\/p>\n          <\/div>\n              <script src=\"https:\/\/www.google.com\/recaptcha\/api.js?render=6Le1SuopAAAAAMsCou-WuNesJRpQVGH3hI1vDHew\"><\/script>\n    <form id=\"enquireForm\" method=\"post\" action=\"https:\/\/www.superyachtchartermallorca.com\/es\/wp-json\/wp\/v2\/pages\/371\">\n      <div class=\"col\">\n        <div class=\"form-group\">\n          <label for=\"enquireName\" class=\"visually-hidden\">Nombre <sup>*<\/sup><\/label>\n          <input type=\"text\" id=\"enquireName\" name=\"enquireName\" placeholder=\"Nombre *\" required>\n        <\/div>\n        <div class=\"form-group\">\n          <label for=\"enquireEmail\" class=\"visually-hidden\">Email <sup>*<\/sup><\/label>\n          <input type=\"email\" id=\"enquireEmail\" name=\"enquireEmail\" placeholder=\"Email *\" required>\n        <\/div>\n        <div class=\"form-group\">\n          <label for=\"enquirePhoneNumber\" class=\"visually-hidden\">N\u00famero de tel\u00e9fono *<\/label>\n          <p class=\"help-text\"><sup>*<\/sup> Por favor incluya el c\u00f3digo telef\u00f3nico del pa\u00eds..<\/p>\n          <input type=\"tel\" id=\"enquirePhoneNumber\" name=\"enquirePhoneNumber\" placeholder=\"N\u00famero de tel\u00e9fono *\" required>\n        <\/div>\n      <\/div>\n\n      <div class=\"col\">\n                  <div class=\"form-group\">\n            <label for=\"enquireGuests\" class=\"visually-hidden\">N\u00famero de personas<\/label>\n            <input type=\"number\" id=\"enquireGuests\" name=\"enquireGuests\" min=\"1\" placeholder=\"N\u00famero de personas *\" required>\n          <\/div>\n\n          \n          <div class=\"form-inline\">\n            <div class=\"form-group\">\n              <label for=\"enquireStartdate\">Fecha inicial *<\/label>\n              <input type=\"date\" id=\"enquireStartdate\" name=\"enquireStartdate\" \n                min=\"2026-04-16\" \n                data-date-type=\"start\"\n                placeholder=\"Fecha inicial *\" required>\n            <\/div>\n            <div class=\"form-group\">\n              <label for=\"enquireEnddate\">Fecha final *<\/label>\n              <input type=\"date\" id=\"enquireEnddate\" name=\"enquireEnddate\" \n                min=\"2026-04-16\" \n                data-date-type=\"end\"\n                placeholder=\"Fecha final *\" required>\n            <\/div>\n          <\/div>\n              <\/div>\n\n      <div class=\"form-group\">\n        <label for=\"enquireComments\" class=\"visually-hidden\">Comentarios<\/label>\n        <textarea id=\"enquireComments\" name=\"enquireComments\" rows=\"5\">Hello, I would like to receive information about available yacht options. I would appreciate it if you could contact me. Thank you.<\/textarea>\n      <\/div>\n      <div class=\"form-group form-legal\"><label for=\"enquireLegal\"><input type=\"checkbox\" id=\"enquireLegal\" name=\"enquireLegal\" required> <a target=\"_blank\" href=\"https:\/\/www.superyachtchartermallorca.com\/es\/privacy-policy\/\">He le\u00eddo y acepto la pol\u00edtica de privacidad<sup>*<\/sup><\/a> <span class=\"icon-go\"><\/span><\/label><\/div>      <input type=\"hidden\" id=\"form_type\" name=\"form_type\" value=\"enquire\">\n      <input type=\"hidden\" id=\"recaptcha_response\" name=\"recaptcha_response\">\n      <input type=\"hidden\" id=\"enquire_nonce\" name=\"enquire_nonce\" value=\"26a966bb46\" \/><input type=\"hidden\" name=\"_wp_http_referer\" value=\"\/es\/wp-json\/wp\/v2\/pages\/371\" \/>      <div style=\"position:absolute;left:-9999px;\" aria-hidden=\"true\">\n        <input type=\"text\" name=\"website_url\" value=\"\" tabindex=\"-1\" autocomplete=\"off\">\n      <\/div>\n      <div class=\"form-group form-submit\">\n        <input type=\"hidden\" id=\"enquireSourceUrl\" name=\"enquireSourceUrl\" value=\"https:\/\/www.superyachtchartermallorca.com\/es\/wp-json\/wp\/v2\/pages\/371\">\n        <button type=\"submit\" name=\"submit\" class=\"btn-go\" data-sending-text=\"Sending...\">Enviar<\/button>\n      <\/div>\n    <\/form>\n                <\/div>\n      <\/div>\n    <\/div>\n  \n  <\/div>\n\t\t\t\t\t\t<\/div>\n\t\t\t\t<\/div>\n\t\t\t\t\t<\/div>\n\t\t\t\t<\/div>\n\t\t\t\t<\/div>\n\t\t","protected":false},"excerpt":{"rendered":"<p>Alquiler de yates de lujo en Mallorca<\/p>\n","protected":false},"author":2,"featured_media":0,"parent":0,"menu_order":0,"comment_status":"closed","ping_status":"closed","template":"template-archive-boat.php","meta":{"_acf_changed":false,"_joinchat":[],"footnotes":""},"class_list":["post-371","page","type-page","status-publish","hentry"],"acf":[],"_links":{"self":[{"href":"https:\/\/www.superyachtchartermallorca.com\/es\/wp-json\/wp\/v2\/pages\/371","targetHints":{"allow":["GET"]}}],"collection":[{"href":"https:\/\/www.superyachtchartermallorca.com\/es\/wp-json\/wp\/v2\/pages"}],"about":[{"href":"https:\/\/www.superyachtchartermallorca.com\/es\/wp-json\/wp\/v2\/types\/page"}],"author":[{"embeddable":true,"href":"https:\/\/www.superyachtchartermallorca.com\/es\/wp-json\/wp\/v2\/users\/2"}],"replies":[{"embeddable":true,"href":"https:\/\/www.superyachtchartermallorca.com\/es\/wp-json\/wp\/v2\/comments?post=371"}],"version-history":[{"count":30,"href":"https:\/\/www.superyachtchartermallorca.com\/es\/wp-json\/wp\/v2\/pages\/371\/revisions"}],"predecessor-version":[{"id":2613,"href":"https:\/\/www.superyachtchartermallorca.com\/es\/wp-json\/wp\/v2\/pages\/371\/revisions\/2613"}],"wp:attachment":[{"href":"https:\/\/www.superyachtchartermallorca.com\/es\/wp-json\/wp\/v2\/media?parent=371"}],"curies":[{"name":"wp","href":"https:\/\/api.w.org\/{rel}","templated":true}]}}