{"id":1064,"date":"2024-06-06T12:53:35","date_gmt":"2024-06-06T10:53:35","guid":{"rendered":"https:\/\/www.superyachtchartermallorca.com\/404-page-not-found\/"},"modified":"2025-01-02T19:39:37","modified_gmt":"2025-01-02T17:39:37","slug":"404-page-not-found","status":"publish","type":"page","link":"https:\/\/www.superyachtchartermallorca.com\/es\/404-page-not-found\/","title":{"rendered":"404 \u2013 Page Not Found"},"content":{"rendered":"\t\t<div data-elementor-type=\"wp-page\" data-elementor-id=\"1064\" class=\"elementor elementor-1064 elementor-1052\" data-elementor-post-type=\"page\">\n\t\t\t\t<div class=\"elementor-element elementor-element-ff16f70 e-con-full e-flex e-con e-parent\" data-id=\"ff16f70\" data-element_type=\"container\" data-settings=\"{&quot;background_background&quot;:&quot;classic&quot;}\">\n\t\t\t\t<div class=\"elementor-element elementor-element-a47d67e elementor-widget elementor-widget-image\" data-id=\"a47d67e\" data-element_type=\"widget\" data-widget_type=\"image.default\">\n\t\t\t\t<div class=\"elementor-widget-container\">\n\t\t\t\t\t\t\t\t\t\t\t\t\t\t\t<img fetchpriority=\"high\" decoding=\"async\" width=\"2560\" height=\"1991\" src=\"https:\/\/www.superyachtchartermallorca.com\/wp-content\/uploads\/sites\/2\/2025\/01\/puerto-mallorca-scaled-1.jpg\" class=\"attachment-full size-full wp-image-2020\" alt=\"\" srcset=\"https:\/\/www.superyachtchartermallorca.com\/wp-content\/uploads\/sites\/2\/2025\/01\/puerto-mallorca-scaled-1.jpg 2560w, https:\/\/www.superyachtchartermallorca.com\/wp-content\/uploads\/sites\/2\/2025\/01\/puerto-mallorca-scaled-1-992x772.jpg 992w, https:\/\/www.superyachtchartermallorca.com\/wp-content\/uploads\/sites\/2\/2025\/01\/puerto-mallorca-scaled-1-1543x1200.jpg 1543w, https:\/\/www.superyachtchartermallorca.com\/wp-content\/uploads\/sites\/2\/2025\/01\/puerto-mallorca-scaled-1-576x448.jpg 576w, https:\/\/www.superyachtchartermallorca.com\/wp-content\/uploads\/sites\/2\/2025\/01\/puerto-mallorca-scaled-1-768x597.jpg 768w, https:\/\/www.superyachtchartermallorca.com\/wp-content\/uploads\/sites\/2\/2025\/01\/puerto-mallorca-scaled-1-1536x1195.jpg 1536w, https:\/\/www.superyachtchartermallorca.com\/wp-content\/uploads\/sites\/2\/2025\/01\/puerto-mallorca-scaled-1-2048x1593.jpg 2048w, https:\/\/www.superyachtchartermallorca.com\/wp-content\/uploads\/sites\/2\/2025\/01\/puerto-mallorca-scaled-1-1900x1478.jpg 1900w\" sizes=\"(max-width: 2560px) 100vw, 2560px\" \/>\t\t\t\t\t\t\t\t\t\t\t\t\t\t\t<\/div>\n\t\t\t\t<\/div>\n\t\t<div class=\"elementor-element elementor-element-f6ac7d5 e-flex e-con-boxed e-con e-child\" data-id=\"f6ac7d5\" data-element_type=\"container\" data-settings=\"{&quot;position&quot;:&quot;absolute&quot;}\">\n\t\t\t\t\t<div class=\"e-con-inner\">\n\t\t\t\t<div class=\"elementor-element elementor-element-fd55775 elementor-widget__width-initial elementor-widget elementor-widget-heading\" data-id=\"fd55775\" data-element_type=\"widget\" data-widget_type=\"heading.default\">\n\t\t\t\t<div class=\"elementor-widget-container\">\n\t\t\t\t\t<h1 class=\"elementor-heading-title elementor-size-default\">Lo lamentamos<\/h1>\t\t\t\t<\/div>\n\t\t\t\t<\/div>\n\t\t\t\t<div class=\"elementor-element elementor-element-3c81146 elementor-widget__width-initial elementor-widget elementor-widget-text-editor\" data-id=\"3c81146\" data-element_type=\"widget\" data-widget_type=\"text-editor.default\">\n\t\t\t\t<div class=\"elementor-widget-container\">\n\t\t\t\t\t\t\t\t\tNo se puede encontrar la p\u00e1gina que est\u00e1s buscando. Es posible que se haya eliminado, haya cambiado de nombre o no est\u00e9 disponible temporalmente. Comprueba la URL para ver si hay errores ortogr\u00e1ficos o intenta navegar de nuevo a la <a href=\"https:\/\/www.superyachtchartermallorca.com\/es\/\" target=\"_blank\" rel=\"noopener\"><strong>p\u00e1gina de inicio<\/strong><\/a>. Gracias por tu comprensi\u00f3n.\t\t\t\t\t\t\t\t<\/div>\n\t\t\t\t<\/div>\n\t\t\t\t\t<\/div>\n\t\t\t\t<\/div>\n\t\t\t\t<\/div>\n\t\t\t\t<\/div>\n\t\t","protected":false},"excerpt":{"rendered":"<p>Lo lamentamos No se puede encontrar la p\u00e1gina que est\u00e1s buscando. Es posible que se haya eliminado, haya cambiado de nombre o no est\u00e9 disponible temporalmente. Comprueba la URL para ver si hay errores ortogr\u00e1ficos o intenta navegar de nuevo a la p\u00e1gina de inicio. Gracias por tu comprensi\u00f3n.<\/p>\n","protected":false},"author":2,"featured_media":0,"parent":0,"menu_order":0,"comment_status":"closed","ping_status":"closed","template":"","meta":{"_acf_changed":false,"_joinchat":[],"footnotes":""},"class_list":["post-1064","page","type-page","status-publish","hentry"],"acf":[],"_links":{"self":[{"href":"https:\/\/www.superyachtchartermallorca.com\/es\/wp-json\/wp\/v2\/pages\/1064","targetHints":{"allow":["GET"]}}],"collection":[{"href":"https:\/\/www.superyachtchartermallorca.com\/es\/wp-json\/wp\/v2\/pages"}],"about":[{"href":"https:\/\/www.superyachtchartermallorca.com\/es\/wp-json\/wp\/v2\/types\/page"}],"author":[{"embeddable":true,"href":"https:\/\/www.superyachtchartermallorca.com\/es\/wp-json\/wp\/v2\/users\/2"}],"replies":[{"embeddable":true,"href":"https:\/\/www.superyachtchartermallorca.com\/es\/wp-json\/wp\/v2\/comments?post=1064"}],"version-history":[{"count":11,"href":"https:\/\/www.superyachtchartermallorca.com\/es\/wp-json\/wp\/v2\/pages\/1064\/revisions"}],"predecessor-version":[{"id":2034,"href":"https:\/\/www.superyachtchartermallorca.com\/es\/wp-json\/wp\/v2\/pages\/1064\/revisions\/2034"}],"wp:attachment":[{"href":"https:\/\/www.superyachtchartermallorca.com\/es\/wp-json\/wp\/v2\/media?parent=1064"}],"curies":[{"name":"wp","href":"https:\/\/api.w.org\/{rel}","templated":true}]}}